{"id":1240,"date":"2019-06-06T11:21:50","date_gmt":"2019-06-06T09:21:50","guid":{"rendered":"http:\/\/www.e-mutation.com\/aviso-legal\/"},"modified":"2024-04-03T12:44:55","modified_gmt":"2024-04-03T10:44:55","slug":"legal-note","status":"publish","type":"page","link":"https:\/\/www.e-mutation.com\/en\/legal-note\/","title":{"rendered":"Legal note"},"content":{"rendered":"[vc_row type=&#8221;in_container&#8221; full_screen_row_position=&#8221;middle&#8221; column_margin=&#8221;default&#8221; column_direction=&#8221;default&#8221; column_direction_tablet=&#8221;default&#8221; column_direction_phone=&#8221;default&#8221; scene_position=&#8221;center&#8221; text_color=&#8221;dark&#8221; text_align=&#8221;left&#8221; row_border_radius=&#8221;none&#8221; row_border_radius_applies=&#8221;bg&#8221; overflow=&#8221;visible&#8221; overlay_strength=&#8221;0.3&#8243; gradient_direction=&#8221;left_to_right&#8221; shape_divider_position=&#8221;bottom&#8221; bg_image_animation=&#8221;none&#8221;][vc_column column_padding=&#8221;no-extra-padding&#8221; column_padding_tablet=&#8221;inherit&#8221; column_padding_phone=&#8221;inherit&#8221; column_padding_position=&#8221;all&#8221; column_element_direction_desktop=&#8221;default&#8221; column_element_spacing=&#8221;default&#8221; desktop_text_alignment=&#8221;default&#8221; tablet_text_alignment=&#8221;default&#8221; phone_text_alignment=&#8221;default&#8221; background_color_opacity=&#8221;1&#8243; background_hover_color_opacity=&#8221;1&#8243; column_backdrop_filter=&#8221;none&#8221; column_shadow=&#8221;none&#8221; column_border_radius=&#8221;none&#8221; column_link_target=&#8221;_self&#8221; column_position=&#8221;default&#8221; gradient_direction=&#8221;left_to_right&#8221; overlay_strength=&#8221;0.3&#8243; width=&#8221;1\/1&#8243; tablet_width_inherit=&#8221;default&#8221; animation_type=&#8221;default&#8221; bg_image_animation=&#8221;none&#8221; border_type=&#8221;simple&#8221; column_border_width=&#8221;none&#8221; column_border_style=&#8221;solid&#8221;][vc_column_text text_direction=&#8221;default&#8221;]\n<div class=\"row\">\n<h3>NOTA LEGAL<\/h3>\n<h3>TITULAR DE LA WEB Y FUNCIONAMIENTO<\/h3>\n<p>El sitio web <a href=\"http:\/\/www.e-mutation.com\">http:\/\/www.e-mutation.com<\/a> es propiedad de eMutation New Media S.L. con domicilio en C\/ Paseo de la Habana 4, Esc. B 4\u00ba Derecha CIF n\u00famero B82683491 e inscrita en el Registro Mercantil de Madrid tomo 16.797, libro o folio 164, secci\u00f3n B, \u00a0hoja M-286990, inscripci\u00f3n 6.<\/p>\n<p>Puede contactar con eMutation en la direcci\u00f3n <a href=\"mailto:info@e-mutation.com\">info@e-mutation.com<\/a><\/p>\n<p>El sitio web contiene enlaces que pueden dirigir al usuario a otras p\u00e1ginas web gestionadas por terceros, sobre las que eMutation \u00a0no ofrece ninguna garant\u00eda ni ejerce ning\u00fan tipo de control.<\/p>\n<h3>INFORMACI\u00d3N SOBRE PRODUCTOS Y SERVICIOS<\/h3>\n<p>A trav\u00e9s de esta p\u00e1gina web, no se pueden adquirir ninguno de nuestros productos o servicios. S\u00f3lo es posible consultar informaci\u00f3n sobre los mismos. La simple visita del site no supone iniciar ninguna relaci\u00f3n contractual con eMutation.<\/p>\n<h3>PROPIEDAD INTELECTUAL E INDUSTRIAL<\/h3>\n<p>Los distintos elementos de esta p\u00e1gina, y el sitio Web como conjunto, est\u00e1n protegidos por la normativa espa\u00f1ola sobre propiedad intelectual e industrial. Las marcas, nombres comerciales o signos distintivos que aparecen en el sitio Web son propiedad de la empresa, o, en su caso, de terceras entidades, y se encuentran protegidos por la Ley 17\/2001, de 7 de diciembre, de Marcas, y de las que eMutation dispone de leg\u00edtima licencia.<\/p>\n<h3>RESPONSABILIDAD POR DA\u00d1OS<\/h3>\n<p>eMutation no asume ning\u00fan tipo de responsabilidad por da\u00f1os que pueda sufrir el usuario en la navegaci\u00f3n por la web o en el uso de las aplicaciones inform\u00e1ticas que forman parte de la misma. Tampoco ofrecemos garant\u00edas en cuanto a la subsanaci\u00f3n de errores de funcionamiento o actualizaci\u00f3n de contenidos.<\/p>\n<h3>POL\u00cdTICA DE PRIVACIDAD<\/h3>\n<p>En cumplimiento de lo previsto por el art\u00edculo 5 de la LOPD, se informa que los datos de car\u00e1cter personal que se recaban directamente del usuario a trav\u00e9s de los distintos recursos disponibles en esta web, ser\u00e1n tratados de forma confidencial y quedar\u00e1n incorporados a los respectivos ficheros de los que son responsables eMutation New Media S.L., con las finalidad de \u00a0mantenerle informado de productos y servicios que pudiesen ser de su inter\u00e9s (incluidos los electr\u00f3nicos).<\/p>\n<p>Si no desea recibir informaci\u00f3n comercial de eMutation, puede dirigirse a la direcci\u00f3n <a href=\"mailto:info@e-mutation.com\">info@e-mutation.com<\/a>, con el asunto \u201cBaja\u201d.<\/p>\n<p>Asimismo, puede ejercitar sus derechos de acceso, rectificaci\u00f3n, cancelaci\u00f3n y oposici\u00f3n, mediante escrito dirigido a la sede social de la compa\u00f1\u00eda o por correo electr\u00f3nico a <a href=\"mailto:info@e-mutation.com\">info@e-mutation.com<\/a> con el asunto \u201cProtecci\u00f3n de datos\u201d, junto con una copia de DNI u otro documento que acredite v\u00e1lidamente su identidad.<\/p>\n<h3>POL\u00cdTICA DE COOKIES<\/h3>\n<p>Esta web utiliza cookies propias y de terceros para mejorar la experiencia de los usuarios, conservar sus preferencias, ofrecer servicios relacionados con las mismas y obtener datos an\u00f3nimos agregados que permitan disponer de estad\u00edsticas de uso.<\/p>\n<p><u>Qu\u00e9 son las cookies<\/u><\/p>\n<p>Las cookies son archivos de texto que contienen peque\u00f1as cantidades de informaci\u00f3n y que se descargan en el dispositivo del usuario cuando visita una p\u00e1gina web.<\/p>\n<p>Despu\u00e9s, las cookies se env\u00edan de vuelta a la p\u00e1gina web de origen (cookies de origen) o a otras p\u00e1ginas web (cookies de terceros). Las cookies permiten que una p\u00e1gina web reconozca el dispositivo de un usuario, facilitando la navegaci\u00f3n, recordando preferencias y, en general, mejorando la experiencia de usuario y, en general, ayudando a ofrecerle informaci\u00f3n y servicios relacionados con sus intereses.<\/p>\n<p><u>Uso de cookies en la web <\/u><a href=\"http:\/\/www.e-mutation.com\">www.e-mutation.com<\/a><\/p>\n<p>El uso de la presente web puede suponer la utilizaci\u00f3n de las siguientes cookies:<\/p>\n<ul>\n<li>\u00a0Cookies de sesi\u00f3n. Este tipo de cookies est\u00e1n dise\u00f1adas para recabar y almacenar datos mientras el usuario accede a una p\u00e1gina web<\/li>\n<li>Cookies t\u00e9cnicas. Son aqu\u00e9llas que permiten al usuario la navegaci\u00f3n a trav\u00e9s de una p\u00e1gina web, plataforma o aplicaci\u00f3n y la utilizaci\u00f3n de las diferentes opciones o servicios que en ella existan.<\/li>\n<li>Cookies de an\u00e1lisis. Son aquellas que permiten a su responsable el seguimiento y an\u00e1lisis del comportamiento de los usuarios en el sitio web. La informaci\u00f3n recogida se utiliza en la medici\u00f3n de la actividad de los sitios web, aplicaci\u00f3n o plataforma y para la elaboraci\u00f3n de perfiles de navegaci\u00f3n.<\/li>\n<\/ul>\n<p>&nbsp;<\/p>\n<table class=\"tabla_comparativa tabla_politica\" border=\"1\" width=\"706\" cellspacing=\"0\" cellpadding=\"0\">\n<tbody>\n<tr class=\"par\">\n<th>Nombre<\/th>\n<th>Titular<\/th>\n<th>Finalidad<\/th>\n<th>Caducidad<\/th>\n<\/tr>\n<tr class=\"par\">\n<td>__utma<\/td>\n<td>Google<\/td>\n<td>An\u00e1lisis<\/td>\n<td>Dos a\u00f1os a partir de la configuraci\u00f3n o actualizaci\u00f3n<\/td>\n<\/tr>\n<tr class=\"par\">\n<td>__utmb<\/td>\n<td>Google<\/td>\n<td>An\u00e1lisis<\/td>\n<td>30 minutos a partir de la configuraci\u00f3n o actualizaci\u00f3n<\/td>\n<\/tr>\n<tr class=\"par\">\n<td>__utmc<\/td>\n<td>Google<\/td>\n<td>An\u00e1lisis<\/td>\n<td>Fin de la sesi\u00f3n del navegador<\/td>\n<\/tr>\n<tr class=\"par\">\n<td>_utmt<\/td>\n<td>Google<\/td>\n<td>An\u00e1lisis<\/td>\n<td>Fin de la sesi\u00f3n del navegador<\/td>\n<\/tr>\n<tr class=\"par\">\n<td>__utmz<\/td>\n<td>Google<\/td>\n<td>An\u00e1lisis<\/td>\n<td>Seis meses a partir de la configuraci\u00f3n o actualizaci\u00f3n<\/td>\n<\/tr>\n<tr class=\"par\">\n<td>_ga<\/td>\n<td>Google<\/td>\n<td>An\u00e1lisis<\/td>\n<td>Dos a\u00f1os a partir de la configuraci\u00f3n o actualizaci\u00f3n<\/td>\n<\/tr>\n<tr class=\"par\">\n<td>_gat<\/td>\n<td>Google<\/td>\n<td>An\u00e1lisis<\/td>\n<td>Fin de la sesi\u00f3n del navegador<\/td>\n<\/tr>\n<\/tbody>\n<\/table>\n<p>Las cookies indicadas no recopilan informaci\u00f3n personal sobre los usuarios del sitio web. Para conocer m\u00e1s detalle respecto al uso de estas cookies de terceros, puede dirigirse a los titulares rese\u00f1ados.<\/p>\n<p>Respecto a las cookies de Google, puede consultar el documento <a href=\"https:\/\/www.google.com\/analytics\/learn\/privacy.html?hl=es\">https:\/\/www.google.com\/analytics\/learn\/privacy.html?hl=es<\/a> \u00a0para obtener m\u00e1s informaci\u00f3n.<\/p>\n<p>Recuerde que puede eliminar las en cualquier momento, o rechazarlas antes de su instalaci\u00f3n configurando el programa de navegaci\u00f3n que utiliza.<\/p>\n<p>Por favor, visite la p\u00e1gina de ayuda de su navegador para aprender c\u00f3mo gestionar las cookies en su equipo.<\/p>\n<p>Le ofrecemos el enlace a las webs informativas de los navegadores m\u00e1s comunes:<\/p>\n<ul>\n<li>Google Chrome: <a href=\"https:\/\/support.google.com\/chrome\/answer\/95647?hl=es\">https:\/\/support.google.com\/chrome\/answer\/95647?hl=es<\/a><\/li>\n<li>Firefox: <a href=\"http:\/\/support.mozilla.org\/es\/home\">http:\/\/support.mozilla.org\/es\/home<\/a><\/li>\n<li>Internet Explorer: <a href=\"http:\/\/support.microsoft.com\/ph\/807\/es-es\">http:\/\/support.microsoft.com\/ph\/807\/es-es<\/a><\/li>\n<li>Safari: <a href=\"http:\/\/support.apple.com\/kb\/HT1677?viewlocale=es_ES\">http:\/\/support.apple.com\/kb\/HT1677?viewlocale=es_ES<\/a><\/li>\n<\/ul>\n<\/div>\n[\/vc_column_text][\/vc_column][\/vc_row]\n","protected":false},"excerpt":{"rendered":"<p>[vc_row type=&#8221;in_container&#8221; full_screen_row_position=&#8221;middle&#8221; column_margin=&#8221;default&#8221; column_direction=&#8221;default&#8221; column_direction_tablet=&#8221;default&#8221; column_direction_phone=&#8221;default&#8221; scene_position=&#8221;center&#8221; text_color=&#8221;dark&#8221; text_align=&#8221;left&#8221; row_border_radius=&#8221;none&#8221; row_border_radius_applies=&#8221;bg&#8221; overflow=&#8221;visible&#8221; overlay_strength=&#8221;0.3&#8243; gradient_direction=&#8221;left_to_right&#8221; shape_divider_position=&#8221;bottom&#8221; bg_image_animation=&#8221;none&#8221;][vc_column column_padding=&#8221;no-extra-padding&#8221; column_padding_tablet=&#8221;inherit&#8221; column_padding_phone=&#8221;inherit&#8221; column_padding_position=&#8221;all&#8221; column_element_direction_desktop=&#8221;default&#8221; column_element_spacing=&#8221;default&#8221; desktop_text_alignment=&#8221;default&#8221; tablet_text_alignment=&#8221;default&#8221; phone_text_alignment=&#8221;default&#8221; background_color_opacity=&#8221;1&#8243; background_hover_color_opacity=&#8221;1&#8243; column_backdrop_filter=&#8221;none&#8221; column_shadow=&#8221;none&#8221;&#8230;<\/p>\n","protected":false},"author":1,"featured_media":0,"parent":0,"menu_order":0,"comment_status":"closed","ping_status":"closed","template":"","meta":{"footnotes":""},"class_list":["post-1240","page","type-page","status-publish"],"yoast_head":"<!-- This site is optimized with the Yoast SEO plugin v27.5 - https:\/\/yoast.com\/product\/yoast-seo-wordpress\/ -->\n<title>Legal note - eMutation New Media<\/title>\n<meta name=\"robots\" content=\"index, follow, max-snippet:-1, max-image-preview:large, max-video-preview:-1\" \/>\n<link rel=\"canonical\" href=\"https:\/\/www.e-mutation.com\/en\/legal-note\/\" \/>\n<meta property=\"og:locale\" content=\"en_US\" \/>\n<meta property=\"og:type\" content=\"article\" \/>\n<meta property=\"og:title\" content=\"Legal note - eMutation New Media\" \/>\n<meta property=\"og:description\" content=\"[vc_row type=&#8221;in_container&#8221; full_screen_row_position=&#8221;middle&#8221; column_margin=&#8221;default&#8221; column_direction=&#8221;default&#8221; column_direction_tablet=&#8221;default&#8221; column_direction_phone=&#8221;default&#8221; scene_position=&#8221;center&#8221; text_color=&#8221;dark&#8221; text_align=&#8221;left&#8221; row_border_radius=&#8221;none&#8221; row_border_radius_applies=&#8221;bg&#8221; overflow=&#8221;visible&#8221; overlay_strength=&#8221;0.3&#8243; gradient_direction=&#8221;left_to_right&#8221; shape_divider_position=&#8221;bottom&#8221; bg_image_animation=&#8221;none&#8221;][vc_column column_padding=&#8221;no-extra-padding&#8221; column_padding_tablet=&#8221;inherit&#8221; column_padding_phone=&#8221;inherit&#8221; column_padding_position=&#8221;all&#8221; column_element_direction_desktop=&#8221;default&#8221; column_element_spacing=&#8221;default&#8221; desktop_text_alignment=&#8221;default&#8221; tablet_text_alignment=&#8221;default&#8221; phone_text_alignment=&#8221;default&#8221; background_color_opacity=&#8221;1&#8243; background_hover_color_opacity=&#8221;1&#8243; column_backdrop_filter=&#8221;none&#8221; column_shadow=&#8221;none&#8221;...\" \/>\n<meta property=\"og:url\" content=\"https:\/\/www.e-mutation.com\/en\/legal-note\/\" \/>\n<meta property=\"og:site_name\" content=\"eMutation New Media\" \/>\n<meta property=\"article:modified_time\" content=\"2024-04-03T10:44:55+00:00\" \/>\n<meta name=\"twitter:card\" content=\"summary_large_image\" \/>\n<meta name=\"twitter:label1\" content=\"Est. reading time\" \/>\n\t<meta name=\"twitter:data1\" content=\"4 minutes\" \/>\n<script type=\"application\/ld+json\" class=\"yoast-schema-graph\">{\"@context\":\"https:\\\/\\\/schema.org\",\"@graph\":[{\"@type\":\"WebPage\",\"@id\":\"https:\\\/\\\/www.e-mutation.com\\\/en\\\/legal-note\\\/\",\"url\":\"https:\\\/\\\/www.e-mutation.com\\\/en\\\/legal-note\\\/\",\"name\":\"Legal note - eMutation New Media\",\"isPartOf\":{\"@id\":\"https:\\\/\\\/www.e-mutation.com\\\/#website\"},\"datePublished\":\"2019-06-06T09:21:50+00:00\",\"dateModified\":\"2024-04-03T10:44:55+00:00\",\"breadcrumb\":{\"@id\":\"https:\\\/\\\/www.e-mutation.com\\\/en\\\/legal-note\\\/#breadcrumb\"},\"inLanguage\":\"en-US\",\"potentialAction\":[{\"@type\":\"ReadAction\",\"target\":[\"https:\\\/\\\/www.e-mutation.com\\\/en\\\/legal-note\\\/\"]}]},{\"@type\":\"BreadcrumbList\",\"@id\":\"https:\\\/\\\/www.e-mutation.com\\\/en\\\/legal-note\\\/#breadcrumb\",\"itemListElement\":[{\"@type\":\"ListItem\",\"position\":1,\"name\":\"Home\",\"item\":\"https:\\\/\\\/www.e-mutation.com\\\/en\\\/\"},{\"@type\":\"ListItem\",\"position\":2,\"name\":\"Legal note\"}]},{\"@type\":\"WebSite\",\"@id\":\"https:\\\/\\\/www.e-mutation.com\\\/#website\",\"url\":\"https:\\\/\\\/www.e-mutation.com\\\/\",\"name\":\"eMutation New Media\",\"description\":\"Marketing y comunicaci\u00f3n en nuevos medios\",\"potentialAction\":[{\"@type\":\"SearchAction\",\"target\":{\"@type\":\"EntryPoint\",\"urlTemplate\":\"https:\\\/\\\/www.e-mutation.com\\\/?s={search_term_string}\"},\"query-input\":{\"@type\":\"PropertyValueSpecification\",\"valueRequired\":true,\"valueName\":\"search_term_string\"}}],\"inLanguage\":\"en-US\"}]}<\/script>\n<!-- \/ Yoast SEO plugin. -->","yoast_head_json":{"title":"Legal note - eMutation New Media","robots":{"index":"index","follow":"follow","max-snippet":"max-snippet:-1","max-image-preview":"max-image-preview:large","max-video-preview":"max-video-preview:-1"},"canonical":"https:\/\/www.e-mutation.com\/en\/legal-note\/","og_locale":"en_US","og_type":"article","og_title":"Legal note - eMutation New Media","og_description":"[vc_row type=&#8221;in_container&#8221; full_screen_row_position=&#8221;middle&#8221; column_margin=&#8221;default&#8221; column_direction=&#8221;default&#8221; column_direction_tablet=&#8221;default&#8221; column_direction_phone=&#8221;default&#8221; scene_position=&#8221;center&#8221; text_color=&#8221;dark&#8221; text_align=&#8221;left&#8221; row_border_radius=&#8221;none&#8221; row_border_radius_applies=&#8221;bg&#8221; overflow=&#8221;visible&#8221; overlay_strength=&#8221;0.3&#8243; gradient_direction=&#8221;left_to_right&#8221; shape_divider_position=&#8221;bottom&#8221; bg_image_animation=&#8221;none&#8221;][vc_column column_padding=&#8221;no-extra-padding&#8221; column_padding_tablet=&#8221;inherit&#8221; column_padding_phone=&#8221;inherit&#8221; column_padding_position=&#8221;all&#8221; column_element_direction_desktop=&#8221;default&#8221; column_element_spacing=&#8221;default&#8221; desktop_text_alignment=&#8221;default&#8221; tablet_text_alignment=&#8221;default&#8221; phone_text_alignment=&#8221;default&#8221; background_color_opacity=&#8221;1&#8243; background_hover_color_opacity=&#8221;1&#8243; column_backdrop_filter=&#8221;none&#8221; column_shadow=&#8221;none&#8221;...","og_url":"https:\/\/www.e-mutation.com\/en\/legal-note\/","og_site_name":"eMutation New Media","article_modified_time":"2024-04-03T10:44:55+00:00","twitter_card":"summary_large_image","twitter_misc":{"Est. reading time":"4 minutes"},"schema":{"@context":"https:\/\/schema.org","@graph":[{"@type":"WebPage","@id":"https:\/\/www.e-mutation.com\/en\/legal-note\/","url":"https:\/\/www.e-mutation.com\/en\/legal-note\/","name":"Legal note - eMutation New Media","isPartOf":{"@id":"https:\/\/www.e-mutation.com\/#website"},"datePublished":"2019-06-06T09:21:50+00:00","dateModified":"2024-04-03T10:44:55+00:00","breadcrumb":{"@id":"https:\/\/www.e-mutation.com\/en\/legal-note\/#breadcrumb"},"inLanguage":"en-US","potentialAction":[{"@type":"ReadAction","target":["https:\/\/www.e-mutation.com\/en\/legal-note\/"]}]},{"@type":"BreadcrumbList","@id":"https:\/\/www.e-mutation.com\/en\/legal-note\/#breadcrumb","itemListElement":[{"@type":"ListItem","position":1,"name":"Home","item":"https:\/\/www.e-mutation.com\/en\/"},{"@type":"ListItem","position":2,"name":"Legal note"}]},{"@type":"WebSite","@id":"https:\/\/www.e-mutation.com\/#website","url":"https:\/\/www.e-mutation.com\/","name":"eMutation New Media","description":"Marketing y comunicaci\u00f3n en nuevos medios","potentialAction":[{"@type":"SearchAction","target":{"@type":"EntryPoint","urlTemplate":"https:\/\/www.e-mutation.com\/?s={search_term_string}"},"query-input":{"@type":"PropertyValueSpecification","valueRequired":true,"valueName":"search_term_string"}}],"inLanguage":"en-US"}]}},"_links":{"self":[{"href":"https:\/\/www.e-mutation.com\/en\/wp-json\/wp\/v2\/pages\/1240","targetHints":{"allow":["GET"]}}],"collection":[{"href":"https:\/\/www.e-mutation.com\/en\/wp-json\/wp\/v2\/pages"}],"about":[{"href":"https:\/\/www.e-mutation.com\/en\/wp-json\/wp\/v2\/types\/page"}],"author":[{"embeddable":true,"href":"https:\/\/www.e-mutation.com\/en\/wp-json\/wp\/v2\/users\/1"}],"replies":[{"embeddable":true,"href":"https:\/\/www.e-mutation.com\/en\/wp-json\/wp\/v2\/comments?post=1240"}],"version-history":[{"count":1,"href":"https:\/\/www.e-mutation.com\/en\/wp-json\/wp\/v2\/pages\/1240\/revisions"}],"predecessor-version":[{"id":4499,"href":"https:\/\/www.e-mutation.com\/en\/wp-json\/wp\/v2\/pages\/1240\/revisions\/4499"}],"wp:attachment":[{"href":"https:\/\/www.e-mutation.com\/en\/wp-json\/wp\/v2\/media?parent=1240"}],"curies":[{"name":"wp","href":"https:\/\/api.w.org\/{rel}","templated":true}]}}