{"id":1203,"date":"2019-06-06T11:27:50","date_gmt":"2019-06-06T09:27:50","guid":{"rendered":"http:\/\/www.e-mutation.com\/creacion-y-desarrollo-de-apps\/"},"modified":"2020-03-02T17:37:38","modified_gmt":"2020-03-02T16:37:38","slug":"creation-et-developpement-dapplications","status":"publish","type":"page","link":"https:\/\/www.e-mutation.com\/fr\/creation-et-developpement-dapplications\/","title":{"rendered":"Cr\u00e9ation et d\u00e9veloppement d&rsquo;applications"},"content":{"rendered":"[vc_row type=\u00a0\u00bbin_container\u00a0\u00bb full_screen_row_position=\u00a0\u00bbmiddle\u00a0\u00bb scene_position=\u00a0\u00bbcenter\u00a0\u00bb text_color=\u00a0\u00bbdark\u00a0\u00bb text_align=\u00a0\u00bbleft\u00a0\u00bb overlay_strength=\u00a0\u00bb0.3&Prime; shape_divider_position=\u00a0\u00bbbottom\u00a0\u00bb bg_image_animation=\u00a0\u00bbnone\u00a0\u00bb][vc_column column_padding=\u00a0\u00bbno-extra-padding\u00a0\u00bb column_padding_position=\u00a0\u00bball\u00a0\u00bb background_color_opacity=\u00a0\u00bb1&Prime; background_hover_color_opacity=\u00a0\u00bb1&Prime; column_link_target=\u00a0\u00bb_self\u00a0\u00bb column_shadow=\u00a0\u00bbnone\u00a0\u00bb column_border_radius=\u00a0\u00bbnone\u00a0\u00bb width=\u00a0\u00bb1\/1&Prime; tablet_width_inherit=\u00a0\u00bbdefault\u00a0\u00bb tablet_text_alignment=\u00a0\u00bbdefault\u00a0\u00bb phone_text_alignment=\u00a0\u00bbdefault\u00a0\u00bb column_border_width=\u00a0\u00bbnone\u00a0\u00bb column_border_style=\u00a0\u00bbsolid\u00a0\u00bb bg_image_animation=\u00a0\u00bbnone\u00a0\u00bb][divider line_type=\u00a0\u00bbNo Line\u00a0\u00bb custom_height=\u00a0\u00bb5&Prime;][\/vc_column][\/vc_row][vc_row type=\u00a0\u00bbin_container\u00a0\u00bb full_screen_row_position=\u00a0\u00bbmiddle\u00a0\u00bb scene_position=\u00a0\u00bbcenter\u00a0\u00bb text_color=\u00a0\u00bbdark\u00a0\u00bb text_align=\u00a0\u00bbleft\u00a0\u00bb overlay_strength=\u00a0\u00bb0.3&Prime; shape_divider_position=\u00a0\u00bbbottom\u00a0\u00bb bg_image_animation=\u00a0\u00bbnone\u00a0\u00bb][vc_column column_padding=\u00a0\u00bbpadding-3-percent\u00a0\u00bb column_padding_position=\u00a0\u00bbleft-right\u00a0\u00bb background_color_opacity=\u00a0\u00bb1&Prime; background_hover_color_opacity=\u00a0\u00bb1&Prime; column_link_target=\u00a0\u00bb_self\u00a0\u00bb column_shadow=\u00a0\u00bbnone\u00a0\u00bb column_border_radius=\u00a0\u00bbnone\u00a0\u00bb el_class=\u00a0\u00bbborder-right\u00a0\u00bb width=\u00a0\u00bb1\/2&Prime; tablet_width_inherit=\u00a0\u00bbdefault\u00a0\u00bb tablet_text_alignment=\u00a0\u00bbdefault\u00a0\u00bb phone_text_alignment=\u00a0\u00bbdefault\u00a0\u00bb column_border_width=\u00a0\u00bbnone\u00a0\u00bb column_border_style=\u00a0\u00bbsolid\u00a0\u00bb bg_image_animation=\u00a0\u00bbnone\u00a0\u00bb][vc_column_text]<strong>Appareils mutants<\/strong>: la r\u00e9volution qui ne s&rsquo;arr\u00eate jamais.<\/p>\n<p>D&rsquo;abord l&rsquo;iPhone, puis l&rsquo;iPad. Google ach\u00e8te Motorola. Microsoft ach\u00e8te Nokia. Nokia ach\u00e8te Alcatel-Lucent. Android fait avancer iOS dans les ventes mobiles. Huawei vend d\u00e9j\u00e0 presque la m\u00eame chose qu&rsquo;Apple. Les adolescents sont estampill\u00e9s dans la rue avec des lampadaires \u00e0 cause du smartphone. Les v\u00e9los sont lou\u00e9s avec des applications et les d\u00eeners sont command\u00e9s depuis le mobile.<\/p>\n<p>Et demain? Comment cela s&rsquo;int\u00e8gre-t-il \u00e0 mon activit\u00e9? Quelle correspondance puis-je obtenir avec les appareils mobiles? Quelle est la meilleure solution? Natif, HTML5, iOS ou Android? La strat\u00e9gie et le d\u00e9veloppement web ne sont plus ce qu&rsquo;ils \u00e9taient: le mobile-first \u00e9volue vers le mobile-only dans certains segments. Puzzle marketing: e-commerce avec strat\u00e9gie sociale sur t\u00e9l\u00e9phones mobiles, tablettes et applications.<\/p>\n<p>Les appareils nous entourent et nous obligent \u00e0 tout v\u00e9rifier tous les 3 ans. Contre les dispositifs mutants, les soci\u00e9t\u00e9s mutantes.[\/vc_column_text][\/vc_column][vc_column column_padding=\u00a0\u00bbpadding-3-percent\u00a0\u00bb column_padding_position=\u00a0\u00bbleft-right\u00a0\u00bb background_color_opacity=\u00a0\u00bb1&Prime; background_hover_color_opacity=\u00a0\u00bb1&Prime; column_link_target=\u00a0\u00bb_self\u00a0\u00bb column_shadow=\u00a0\u00bbnone\u00a0\u00bb column_border_radius=\u00a0\u00bbnone\u00a0\u00bb el_class=\u00a0\u00bbborder-left\u00a0\u00bb width=\u00a0\u00bb1\/2&Prime; tablet_width_inherit=\u00a0\u00bbdefault\u00a0\u00bb tablet_text_alignment=\u00a0\u00bbdefault\u00a0\u00bb phone_text_alignment=\u00a0\u00bbdefault\u00a0\u00bb column_border_width=\u00a0\u00bbnone\u00a0\u00bb column_border_style=\u00a0\u00bbsolid\u00a0\u00bb bg_image_animation=\u00a0\u00bbnone\u00a0\u00bb][vc_column_text]\n<ul>\n<li><strong>Les services <\/strong><\/li>\n<li>Analyse et Strat\u00e9gie Mobile \/ Transformation num\u00e9rique, applications &amp; mobiles<\/li>\n<li><strong>D\u00e9veloppement d&rsquo;applications natives <\/strong><\/li>\n<li>Plate-forme IO: d\u00e9veloppement natif avec xCode<\/li>\n<li>Plateforme Android: d\u00e9veloppement natif avec Android Studio<\/li>\n<li><strong>D\u00e9veloppement web r\u00e9actif<\/strong> \/ Adaptation responsive des sites web existants<\/li>\n<li><strong>D\u00e9marrage et applications <\/strong><\/li>\n<li>Analyse, \u00e9valuation, d\u00e9veloppement et accompagnement des startups<\/li>\n<li>Optimisation de l&rsquo;App Store Moblie (ASO)<\/li>\n<li>Analyse de l&rsquo;App Store et Google Play<\/li>\n<li>Gestion Itunnes Connect, etc.<\/li>\n<li>Int\u00e9grer. d&rsquo;outils statistiques, Parse, etc.<\/li>\n<li>Analyse et rapports<\/li>\n<li><strong>Marketing et communication mobile <\/strong><\/li>\n<li>T\u00e9l\u00e9chargements \/ applications publicitaires<\/li>\n<\/ul>\n[\/vc_column_text][\/vc_column][\/vc_row][vc_row type=\u00a0\u00bbin_container\u00a0\u00bb full_screen_row_position=\u00a0\u00bbmiddle\u00a0\u00bb scene_position=\u00a0\u00bbcenter\u00a0\u00bb text_color=\u00a0\u00bbdark\u00a0\u00bb text_align=\u00a0\u00bbleft\u00a0\u00bb overlay_strength=\u00a0\u00bb0.3&Prime; shape_divider_position=\u00a0\u00bbbottom\u00a0\u00bb bg_image_animation=\u00a0\u00bbnone\u00a0\u00bb][vc_column column_padding=\u00a0\u00bbno-extra-padding\u00a0\u00bb column_padding_position=\u00a0\u00bball\u00a0\u00bb background_color_opacity=\u00a0\u00bb1&Prime; background_hover_color_opacity=\u00a0\u00bb1&Prime; column_link_target=\u00a0\u00bb_self\u00a0\u00bb column_shadow=\u00a0\u00bbnone\u00a0\u00bb column_border_radius=\u00a0\u00bbnone\u00a0\u00bb width=\u00a0\u00bb1\/1&Prime; tablet_width_inherit=\u00a0\u00bbdefault\u00a0\u00bb tablet_text_alignment=\u00a0\u00bbdefault\u00a0\u00bb phone_text_alignment=\u00a0\u00bbdefault\u00a0\u00bb column_border_width=\u00a0\u00bbnone\u00a0\u00bb column_border_style=\u00a0\u00bbsolid\u00a0\u00bb bg_image_animation=\u00a0\u00bbnone\u00a0\u00bb][divider line_type=\u00a0\u00bbNo Line\u00a0\u00bb custom_height=\u00a0\u00bb5&Prime;][\/vc_column][\/vc_row][vc_row type=\u00a0\u00bbin_container\u00a0\u00bb full_screen_row_position=\u00a0\u00bbmiddle\u00a0\u00bb scene_position=\u00a0\u00bbcenter\u00a0\u00bb text_color=\u00a0\u00bbdark\u00a0\u00bb text_align=\u00a0\u00bbleft\u00a0\u00bb overlay_strength=\u00a0\u00bb0.3&Prime; shape_divider_position=\u00a0\u00bbbottom\u00a0\u00bb bg_image_animation=\u00a0\u00bbnone\u00a0\u00bb][vc_column column_padding=\u00a0\u00bbno-extra-padding\u00a0\u00bb column_padding_position=\u00a0\u00bball\u00a0\u00bb background_color_opacity=\u00a0\u00bb1&Prime; background_hover_color_opacity=\u00a0\u00bb1&Prime; column_link_target=\u00a0\u00bb_self\u00a0\u00bb column_shadow=\u00a0\u00bbnone\u00a0\u00bb column_border_radius=\u00a0\u00bbnone\u00a0\u00bb width=\u00a0\u00bb1\/1&Prime; tablet_width_inherit=\u00a0\u00bbdefault\u00a0\u00bb tablet_text_alignment=\u00a0\u00bbdefault\u00a0\u00bb phone_text_alignment=\u00a0\u00bbdefault\u00a0\u00bb column_border_width=\u00a0\u00bbnone\u00a0\u00bb column_border_style=\u00a0\u00bbsolid\u00a0\u00bb bg_image_animation=\u00a0\u00bbnone\u00a0\u00bb][vc_gallery type=\u00a0\u00bbimage_grid\u00a0\u00bb images=\u00a0\u00bb1053,1050,1047,1041,3191,1032,1035,1038,1044&Prime; layout=\u00a0\u00bb3&Prime; masonry_style=\u00a0\u00bbtrue\u00a0\u00bb item_spacing=\u00a0\u00bbdefault\u00a0\u00bb gallery_style=\u00a0\u00bb7&Prime; load_in_animation=\u00a0\u00bbnone\u00a0\u00bb img_size=\u00a0\u00bb1000&#215;1000&Prime;][\/vc_column][\/vc_row][vc_row type=\u00a0\u00bbin_container\u00a0\u00bb full_screen_row_position=\u00a0\u00bbmiddle\u00a0\u00bb scene_position=\u00a0\u00bbcenter\u00a0\u00bb text_color=\u00a0\u00bbdark\u00a0\u00bb text_align=\u00a0\u00bbleft\u00a0\u00bb overlay_strength=\u00a0\u00bb0.3&Prime; shape_divider_position=\u00a0\u00bbbottom\u00a0\u00bb bg_image_animation=\u00a0\u00bbnone\u00a0\u00bb][vc_column column_padding=\u00a0\u00bbno-extra-padding\u00a0\u00bb column_padding_position=\u00a0\u00bball\u00a0\u00bb background_color_opacity=\u00a0\u00bb1&Prime; background_hover_color_opacity=\u00a0\u00bb1&Prime; column_link_target=\u00a0\u00bb_self\u00a0\u00bb column_shadow=\u00a0\u00bbnone\u00a0\u00bb column_border_radius=\u00a0\u00bbnone\u00a0\u00bb width=\u00a0\u00bb1\/1&Prime; tablet_width_inherit=\u00a0\u00bbdefault\u00a0\u00bb tablet_text_alignment=\u00a0\u00bbdefault\u00a0\u00bb phone_text_alignment=\u00a0\u00bbdefault\u00a0\u00bb column_border_width=\u00a0\u00bbnone\u00a0\u00bb column_border_style=\u00a0\u00bbsolid\u00a0\u00bb bg_image_animation=\u00a0\u00bbnone\u00a0\u00bb][clients columns=\u00a0\u00bb6&Prime; hover_effect=\u00a0\u00bbopacity\u00a0\u00bb additional_padding=\u00a0\u00bbnone\u00a0\u00bb carousel=\u00a0\u00bbtrue\u00a0\u00bb][client image=\u00a0\u00bb3304&Prime; url=\u00a0\u00bbnone\u00a0\u00bb id=\u00a0\u00bb1583167030319-2&Prime; title=\u00a0\u00bbClient\u00a0\u00bb name=\u00a0\u00bbFlutter\u00a0\u00bb tab_id=\u00a0\u00bb1583167030320-3&Prime;][\/client][client image=\u00a0\u00bb3307&Prime; url=\u00a0\u00bbnone\u00a0\u00bb id=\u00a0\u00bb1583167030410-0&Prime; title=\u00a0\u00bbClient\u00a0\u00bb name=\u00a0\u00bbIonic\u00a0\u00bb tab_id=\u00a0\u00bb1583167030411-5&Prime;][\/client][client image=\u00a0\u00bb3310&Prime; url=\u00a0\u00bbnone\u00a0\u00bb id=\u00a0\u00bb1583167030442-5&Prime; title=\u00a0\u00bbClient\u00a0\u00bb name=\u00a0\u00bbReact\u00a0\u00bb tab_id=\u00a0\u00bb1583167030443-1&Prime;][\/client][client image=\u00a0\u00bb3005&Prime; title=\u00a0\u00bbClient\u00a0\u00bb id=\u00a0\u00bb1583167030492-5&Prime; tab_id=\u00a0\u00bb1583167030494-1&Prime; name=\u00a0\u00bbHTML\/CSS\u00a0\u00bb][\/client][client image=\u00a0\u00bb3313&Prime; url=\u00a0\u00bbnone\u00a0\u00bb id=\u00a0\u00bb1583167030542-6&Prime; title=\u00a0\u00bbClient\u00a0\u00bb name=\u00a0\u00bbXcode\u00a0\u00bb tab_id=\u00a0\u00bb1583167030543-2&Prime;][\/client][\/clients][\/vc_column][\/vc_row]\n","protected":false},"excerpt":{"rendered":"<p>[vc_row type=\u00a0\u00bbin_container\u00a0\u00bb full_screen_row_position=\u00a0\u00bbmiddle\u00a0\u00bb scene_position=\u00a0\u00bbcenter\u00a0\u00bb text_color=\u00a0\u00bbdark\u00a0\u00bb text_align=\u00a0\u00bbleft\u00a0\u00bb overlay_strength=\u00a0\u00bb0.3&Prime; shape_divider_position=\u00a0\u00bbbottom\u00a0\u00bb bg_image_animation=\u00a0\u00bbnone\u00a0\u00bb][vc_column column_padding=\u00a0\u00bbno-extra-padding\u00a0\u00bb column_padding_position=\u00a0\u00bball\u00a0\u00bb background_color_opacity=\u00a0\u00bb1&Prime; background_hover_color_opacity=\u00a0\u00bb1&Prime; column_link_target=\u00a0\u00bb_self\u00a0\u00bb column_shadow=\u00a0\u00bbnone\u00a0\u00bb column_border_radius=\u00a0\u00bbnone\u00a0\u00bb width=\u00a0\u00bb1\/1&Prime; tablet_width_inherit=\u00a0\u00bbdefault\u00a0\u00bb tablet_text_alignment=\u00a0\u00bbdefault\u00a0\u00bb phone_text_alignment=\u00a0\u00bbdefault\u00a0\u00bb column_border_width=\u00a0\u00bbnone\u00a0\u00bb column_border_style=\u00a0\u00bbsolid\u00a0\u00bb bg_image_animation=\u00a0\u00bbnone\u00a0\u00bb][divider line_type=\u00a0\u00bbNo Line\u00a0\u00bb custom_height=\u00a0\u00bb5&Prime;][\/vc_column][\/vc_row][vc_row type=\u00a0\u00bbin_container\u00a0\u00bb full_screen_row_position=\u00a0\u00bbmiddle\u00a0\u00bb scene_position=\u00a0\u00bbcenter\u00a0\u00bb text_color=\u00a0\u00bbdark\u00a0\u00bb&#8230;<\/p>\n","protected":false},"author":1,"featured_media":0,"parent":0,"menu_order":0,"comment_status":"closed","ping_status":"closed","template":"","meta":{"footnotes":""},"class_list":["post-1203","page","type-page","status-publish"],"yoast_head":"<!-- This site is optimized with the Yoast SEO plugin v27.4 - https:\/\/yoast.com\/product\/yoast-seo-wordpress\/ -->\n<title>Cr\u00e9ation et d\u00e9veloppement d&#039;applications - eMutation New Media<\/title>\n<meta name=\"robots\" content=\"index, follow, max-snippet:-1, max-image-preview:large, max-video-preview:-1\" \/>\n<link rel=\"canonical\" href=\"https:\/\/www.e-mutation.com\/fr\/creation-et-developpement-dapplications\/\" \/>\n<meta property=\"og:locale\" content=\"fr_FR\" \/>\n<meta property=\"og:type\" content=\"article\" \/>\n<meta property=\"og:title\" content=\"Cr\u00e9ation et d\u00e9veloppement d&#039;applications - eMutation New Media\" \/>\n<meta property=\"og:description\" content=\"[vc_row type=\u00a0\u00bbin_container\u00a0\u00bb full_screen_row_position=\u00a0\u00bbmiddle\u00a0\u00bb scene_position=\u00a0\u00bbcenter\u00a0\u00bb text_color=\u00a0\u00bbdark\u00a0\u00bb text_align=\u00a0\u00bbleft\u00a0\u00bb overlay_strength=\u00a0\u00bb0.3&Prime; shape_divider_position=\u00a0\u00bbbottom\u00a0\u00bb bg_image_animation=\u00a0\u00bbnone\u00a0\u00bb][vc_column column_padding=\u00a0\u00bbno-extra-padding\u00a0\u00bb column_padding_position=\u00a0\u00bball\u00a0\u00bb background_color_opacity=\u00a0\u00bb1&Prime; background_hover_color_opacity=\u00a0\u00bb1&Prime; column_link_target=\u00a0\u00bb_self\u00a0\u00bb column_shadow=\u00a0\u00bbnone\u00a0\u00bb column_border_radius=\u00a0\u00bbnone\u00a0\u00bb width=\u00a0\u00bb1\/1&Prime; tablet_width_inherit=\u00a0\u00bbdefault\u00a0\u00bb tablet_text_alignment=\u00a0\u00bbdefault\u00a0\u00bb phone_text_alignment=\u00a0\u00bbdefault\u00a0\u00bb column_border_width=\u00a0\u00bbnone\u00a0\u00bb column_border_style=\u00a0\u00bbsolid\u00a0\u00bb bg_image_animation=\u00a0\u00bbnone\u00a0\u00bb][divider line_type=\u00a0\u00bbNo Line\u00a0\u00bb custom_height=\u00a0\u00bb5&Prime;][\/vc_column][\/vc_row][vc_row type=\u00a0\u00bbin_container\u00a0\u00bb full_screen_row_position=\u00a0\u00bbmiddle\u00a0\u00bb scene_position=\u00a0\u00bbcenter\u00a0\u00bb text_color=\u00a0\u00bbdark\u00a0\u00bb...\" \/>\n<meta property=\"og:url\" content=\"https:\/\/www.e-mutation.com\/fr\/creation-et-developpement-dapplications\/\" \/>\n<meta property=\"og:site_name\" content=\"eMutation New Media\" \/>\n<meta property=\"article:modified_time\" content=\"2020-03-02T16:37:38+00:00\" \/>\n<meta name=\"twitter:card\" content=\"summary_large_image\" \/>\n<meta name=\"twitter:label1\" content=\"Dur\u00e9e de lecture estim\u00e9e\" \/>\n\t<meta name=\"twitter:data1\" content=\"4 minutes\" \/>\n<script type=\"application\/ld+json\" class=\"yoast-schema-graph\">{\"@context\":\"https:\\\/\\\/schema.org\",\"@graph\":[{\"@type\":\"WebPage\",\"@id\":\"https:\\\/\\\/www.e-mutation.com\\\/fr\\\/creation-et-developpement-dapplications\\\/\",\"url\":\"https:\\\/\\\/www.e-mutation.com\\\/fr\\\/creation-et-developpement-dapplications\\\/\",\"name\":\"Cr\u00e9ation et d\u00e9veloppement d'applications - eMutation New Media\",\"isPartOf\":{\"@id\":\"https:\\\/\\\/www.e-mutation.com\\\/#website\"},\"datePublished\":\"2019-06-06T09:27:50+00:00\",\"dateModified\":\"2020-03-02T16:37:38+00:00\",\"breadcrumb\":{\"@id\":\"https:\\\/\\\/www.e-mutation.com\\\/fr\\\/creation-et-developpement-dapplications\\\/#breadcrumb\"},\"inLanguage\":\"fr-FR\",\"potentialAction\":[{\"@type\":\"ReadAction\",\"target\":[\"https:\\\/\\\/www.e-mutation.com\\\/fr\\\/creation-et-developpement-dapplications\\\/\"]}]},{\"@type\":\"BreadcrumbList\",\"@id\":\"https:\\\/\\\/www.e-mutation.com\\\/fr\\\/creation-et-developpement-dapplications\\\/#breadcrumb\",\"itemListElement\":[{\"@type\":\"ListItem\",\"position\":1,\"name\":\"Home\",\"item\":\"https:\\\/\\\/www.e-mutation.com\\\/fr\\\/\"},{\"@type\":\"ListItem\",\"position\":2,\"name\":\"Cr\u00e9ation et d\u00e9veloppement d&rsquo;applications\"}]},{\"@type\":\"WebSite\",\"@id\":\"https:\\\/\\\/www.e-mutation.com\\\/#website\",\"url\":\"https:\\\/\\\/www.e-mutation.com\\\/\",\"name\":\"eMutation New Media\",\"description\":\"Marketing y comunicaci\u00f3n en nuevos medios\",\"potentialAction\":[{\"@type\":\"SearchAction\",\"target\":{\"@type\":\"EntryPoint\",\"urlTemplate\":\"https:\\\/\\\/www.e-mutation.com\\\/?s={search_term_string}\"},\"query-input\":{\"@type\":\"PropertyValueSpecification\",\"valueRequired\":true,\"valueName\":\"search_term_string\"}}],\"inLanguage\":\"fr-FR\"}]}<\/script>\n<!-- \/ Yoast SEO plugin. -->","yoast_head_json":{"title":"Cr\u00e9ation et d\u00e9veloppement d'applications - eMutation New Media","robots":{"index":"index","follow":"follow","max-snippet":"max-snippet:-1","max-image-preview":"max-image-preview:large","max-video-preview":"max-video-preview:-1"},"canonical":"https:\/\/www.e-mutation.com\/fr\/creation-et-developpement-dapplications\/","og_locale":"fr_FR","og_type":"article","og_title":"Cr\u00e9ation et d\u00e9veloppement d'applications - eMutation New Media","og_description":"[vc_row type=\u00a0\u00bbin_container\u00a0\u00bb full_screen_row_position=\u00a0\u00bbmiddle\u00a0\u00bb scene_position=\u00a0\u00bbcenter\u00a0\u00bb text_color=\u00a0\u00bbdark\u00a0\u00bb text_align=\u00a0\u00bbleft\u00a0\u00bb overlay_strength=\u00a0\u00bb0.3&Prime; shape_divider_position=\u00a0\u00bbbottom\u00a0\u00bb bg_image_animation=\u00a0\u00bbnone\u00a0\u00bb][vc_column column_padding=\u00a0\u00bbno-extra-padding\u00a0\u00bb column_padding_position=\u00a0\u00bball\u00a0\u00bb background_color_opacity=\u00a0\u00bb1&Prime; background_hover_color_opacity=\u00a0\u00bb1&Prime; column_link_target=\u00a0\u00bb_self\u00a0\u00bb column_shadow=\u00a0\u00bbnone\u00a0\u00bb column_border_radius=\u00a0\u00bbnone\u00a0\u00bb width=\u00a0\u00bb1\/1&Prime; tablet_width_inherit=\u00a0\u00bbdefault\u00a0\u00bb tablet_text_alignment=\u00a0\u00bbdefault\u00a0\u00bb phone_text_alignment=\u00a0\u00bbdefault\u00a0\u00bb column_border_width=\u00a0\u00bbnone\u00a0\u00bb column_border_style=\u00a0\u00bbsolid\u00a0\u00bb bg_image_animation=\u00a0\u00bbnone\u00a0\u00bb][divider line_type=\u00a0\u00bbNo Line\u00a0\u00bb custom_height=\u00a0\u00bb5&Prime;][\/vc_column][\/vc_row][vc_row type=\u00a0\u00bbin_container\u00a0\u00bb full_screen_row_position=\u00a0\u00bbmiddle\u00a0\u00bb scene_position=\u00a0\u00bbcenter\u00a0\u00bb text_color=\u00a0\u00bbdark\u00a0\u00bb...","og_url":"https:\/\/www.e-mutation.com\/fr\/creation-et-developpement-dapplications\/","og_site_name":"eMutation New Media","article_modified_time":"2020-03-02T16:37:38+00:00","twitter_card":"summary_large_image","twitter_misc":{"Dur\u00e9e de lecture estim\u00e9e":"4 minutes"},"schema":{"@context":"https:\/\/schema.org","@graph":[{"@type":"WebPage","@id":"https:\/\/www.e-mutation.com\/fr\/creation-et-developpement-dapplications\/","url":"https:\/\/www.e-mutation.com\/fr\/creation-et-developpement-dapplications\/","name":"Cr\u00e9ation et d\u00e9veloppement d'applications - eMutation New Media","isPartOf":{"@id":"https:\/\/www.e-mutation.com\/#website"},"datePublished":"2019-06-06T09:27:50+00:00","dateModified":"2020-03-02T16:37:38+00:00","breadcrumb":{"@id":"https:\/\/www.e-mutation.com\/fr\/creation-et-developpement-dapplications\/#breadcrumb"},"inLanguage":"fr-FR","potentialAction":[{"@type":"ReadAction","target":["https:\/\/www.e-mutation.com\/fr\/creation-et-developpement-dapplications\/"]}]},{"@type":"BreadcrumbList","@id":"https:\/\/www.e-mutation.com\/fr\/creation-et-developpement-dapplications\/#breadcrumb","itemListElement":[{"@type":"ListItem","position":1,"name":"Home","item":"https:\/\/www.e-mutation.com\/fr\/"},{"@type":"ListItem","position":2,"name":"Cr\u00e9ation et d\u00e9veloppement d&rsquo;applications"}]},{"@type":"WebSite","@id":"https:\/\/www.e-mutation.com\/#website","url":"https:\/\/www.e-mutation.com\/","name":"eMutation New Media","description":"Marketing y comunicaci\u00f3n en nuevos medios","potentialAction":[{"@type":"SearchAction","target":{"@type":"EntryPoint","urlTemplate":"https:\/\/www.e-mutation.com\/?s={search_term_string}"},"query-input":{"@type":"PropertyValueSpecification","valueRequired":true,"valueName":"search_term_string"}}],"inLanguage":"fr-FR"}]}},"_links":{"self":[{"href":"https:\/\/www.e-mutation.com\/fr\/wp-json\/wp\/v2\/pages\/1203","targetHints":{"allow":["GET"]}}],"collection":[{"href":"https:\/\/www.e-mutation.com\/fr\/wp-json\/wp\/v2\/pages"}],"about":[{"href":"https:\/\/www.e-mutation.com\/fr\/wp-json\/wp\/v2\/types\/page"}],"author":[{"embeddable":true,"href":"https:\/\/www.e-mutation.com\/fr\/wp-json\/wp\/v2\/users\/1"}],"replies":[{"embeddable":true,"href":"https:\/\/www.e-mutation.com\/fr\/wp-json\/wp\/v2\/comments?post=1203"}],"version-history":[{"count":0,"href":"https:\/\/www.e-mutation.com\/fr\/wp-json\/wp\/v2\/pages\/1203\/revisions"}],"wp:attachment":[{"href":"https:\/\/www.e-mutation.com\/fr\/wp-json\/wp\/v2\/media?parent=1203"}],"curies":[{"name":"wp","href":"https:\/\/api.w.org\/{rel}","templated":true}]}}